{"id":651,"date":"2021-03-29T14:16:52","date_gmt":"2021-03-29T12:16:52","guid":{"rendered":"http:\/\/o-m-m.org\/?page_id=651"},"modified":"2026-03-11T10:16:35","modified_gmt":"2026-03-11T09:16:35","slug":"a-propos","status":"publish","type":"page","link":"https:\/\/o-m-m.org\/index.php\/a-propos\/","title":{"rendered":"A propos"},"content":{"rendered":"\n<h2 class=\"wp-block-heading\"><strong>Pr\u00e9sentation de l&rsquo;OMM<\/strong><\/h2>\n\n\n\n<figure class=\"wp-block-image size-large\"><img loading=\"lazy\" decoding=\"async\" width=\"1024\" height=\"362\" src=\"https:\/\/o-m-m.org\/wp-content\/uploads\/2021\/04\/cropped-unnamed-1-1024x362.png\" alt=\"\" class=\"wp-image-766\" srcset=\"https:\/\/o-m-m.org\/wp-content\/uploads\/2021\/04\/cropped-unnamed-1-1024x362.png 1024w, https:\/\/o-m-m.org\/wp-content\/uploads\/2021\/04\/cropped-unnamed-1-300x106.png 300w, https:\/\/o-m-m.org\/wp-content\/uploads\/2021\/04\/cropped-unnamed-1-768x272.png 768w, https:\/\/o-m-m.org\/wp-content\/uploads\/2021\/04\/cropped-unnamed-1-1536x544.png 1536w, https:\/\/o-m-m.org\/wp-content\/uploads\/2021\/04\/cropped-unnamed-1-2048x725.png 2048w, https:\/\/o-m-m.org\/wp-content\/uploads\/2021\/04\/cropped-unnamed-1-458x162.png 458w\" sizes=\"auto, (max-width: 1024px) 100vw, 1024px\" \/><\/figure>\n\n\n\n<p>\t\t\t<a href=\"#\" role=\"button\"><br>\n\t\t\t\t\t\tENGLISH VERSION<br>\n\t\t\t\t\t<\/a><\/p>\n\n\n\n<p>La migration vers l&rsquo;espace europ\u00e9en de mineurs \u00e9trangers constitue un sujet porteur qui attire l&rsquo;attention non seulement des universitaires mais aussi d&rsquo;un grand nombre d&rsquo;acteurs institutionnels et de professionnels de terrain ainsi que du grand public. Le laboratoire MIGRINTER- UMR 7301- devient aujourd\u2019hui une r\u00e9f\u00e9rence acad\u00e9mique au niveau europ\u00e9en dans l\u2019\u00e9tude de cette question, notamment suite \u00e0 l&rsquo;organisation de deux colloques internationaux (2007 et 2012), \u00e0 la production d&rsquo;un bon nombre de publications et \u00e0 la coordination d&rsquo;un projet europ\u00e9en (&nbsp;PUCAFREU-&nbsp;Promouvoir l\u2019acc\u00e8s aux droits fondamentaux des mineurs non accompagn\u00e9s en Europe) ex\u00e9cut\u00e9 dans 5 pays europ\u00e9ens (France, Belgique, Espagne, Italie et Roumanie) entre f\u00e9vrier 2011 et avril 2013. Voir www.pucafreu.org<\/p>\n\n\n\n<p>Le projet de cr\u00e9ation et lancement (\u00e0 partir de janvier 2014) d&rsquo;un&nbsp;<strong>Observatoire de la migration des mineurs<\/strong>&nbsp;(OMM) se situe dans une optique de continuit\u00e9 des travaux pr\u00e9cit\u00e9s.<\/p>\n\n\n\n<p>Trois&nbsp;<strong>axes de travail<\/strong>&nbsp;seront abord\u00e9s:<\/p>\n\n\n\n<p>(1) R\u00e9alisation d\u2019actions de recherche, de valorisation et de diffusion des recherches existantes sur le th\u00e8me de la migration des mineurs;<\/p>\n\n\n\n<p>(2) Mise en \u0153uvre d&rsquo;actions de formation de professionnels travaillant avec cette population : juristes, psychologues, travailleurs sociaux, \u00e9ducateurs, etc. ;<\/p>\n\n\n\n<p>(3) Animation d&rsquo;un r\u00e9seau d&rsquo;experts \u00e0 l&rsquo;\u00e9chelle europ\u00e9enne.<\/p>\n\n\n\n<p>Le volet&nbsp;recherche&nbsp;pr\u00e9voit la r\u00e9alisation ou la participation \u00e0 des nouvelles actions de recherche, en principe au niveau europ\u00e9en, sur les aspects les plus pertinents ou m\u00e9connus de cette forme de migration. &nbsp;Parall\u00e8lement, l\u2019OMM se constituera en tant qu\u2019espace de diffusion et de valorisation de la recherche existante sur la th\u00e9matique.<\/p>\n\n\n\n<p>En r\u00e9f\u00e9rence au volet&nbsp;formation, lors de diff\u00e9rentes manifestations scientifiques ainsi qu&rsquo;\u00e0 l&rsquo;occasion d\u2019autres \u00e9v\u00e9nements de vulgarisation auxquels le laboratoire MIGRINTER a particip\u00e9 durant les derni\u00e8res ann\u00e9es, nous avons pu constater qu\u2019il existait une forte demande de formation de la part des acteurs de terrain (particuli\u00e8rement des travailleurs sociaux et des \u00e9ducateurs mais aussi de psychologues, sociologues et juristes) qui sont en contact habituel avec cette population. Ce besoin de formation porte tant sur les aspects juridiques sp\u00e9cifiques qui configurent le traitement des mineurs migrants \u00e0 l\u2019\u00e9chelle internationale, europ\u00e9enne et nationale que sur d\u2019autres aspects sociologiques, psychologiques et \u00e9ducatifs (qui sont ces mineurs?, quel est leur parcours migratoire?, quels sont leurs besoins de protection et leurs n\u00e9cessit\u00e9s sp\u00e9cifiques d\u2019accompagnement \u00e9ducatif ?, etc.).<\/p>\n\n\n\n<p>Au mois d\u2019octobre 2012, MIGRINTER a organis\u00e9 l\u2019acte de lancement de une&nbsp;Plateforme d\u2019experts en mati\u00e8re de migration de mineurs- PEMM. L\u2019objectif de cette Plateforme internationale et multidisciplinaire est de rassembler un groupe de personnes travaillant dans les sph\u00e8res acad\u00e9mique, institutionnelle ou associative avec deux objectifs de travail principaux : le partage d\u2019information et l\u2019organisation d\u2019actions de sensibilisation et de plaidoyer.<\/p>\n\n\n\n<div class=\"wp-block-columns is-layout-flex wp-container-core-columns-is-layout-9d6595d7 wp-block-columns-is-layout-flex\">\n<div class=\"wp-block-column is-layout-flow wp-block-column-is-layout-flow\" style=\"flex-basis:100%\">\n<div class=\"wp-block-group is-layout-grid wp-container-core-group-is-layout-9649a0d9 wp-block-group-is-layout-grid\">\n<figure class=\"wp-block-image\"><img decoding=\"async\" src=\"https:\/\/o-m-m.org\/wp-content\/uploads\/2023\/03\/Photo-web-DSH-233x300.jpg\" alt=\"\"\/><\/figure>\n\n\n\n<h4 class=\"wp-block-heading has-text-align-center\"><strong>Coordination<\/strong><\/h4>\n\n\n\n<p><strong>\u00a0<\/strong><b>Daniel Senovilla Hern\u00e1ndez<\/b>, ing\u00e9nieur de recherche CNRS, est le cr\u00e9ateur et coordinateur de l&rsquo;Observatoire de la Migration de Mineurs depuis son lancement en 2014. Juriste de formation et titulaire d&rsquo;un doctorat en migrations internationales \u00e0 l&rsquo;Universit\u00e9 de Comillas de Madrid, il applique dans ses recherches une approche pluridisciplinaire combinant analyse juridique et recherche qualitative \u00e0 un niveau comparatif. Il est aussi engag\u00e9 depuis des ann\u00e9es \u00e0 r\u00e9colter et valoriser la parole et les t\u00e9moignages des jeunes migrants sous diff\u00e9rents formats (r\u00e9cits litt\u00e9raires, musique, vid\u00e9o, etc.) <a href=\"https:\/\/cv.hal.science\/daniel-senovilla-hernandez\" target=\"_blank\" rel=\"noreferrer noopener\">CVHalDSenovilla<\/a><\/p>\n\n\n\n<p> Depuis 2004 il est bas\u00e9 en France et est membres statutaire du laboratoire MIGRINTER, UMR 7301, bas\u00e9 \u00e0 l&rsquo;Universit\u00e9 de Poitiers. Il a \u00e9galement travaill\u00e9 pour l&rsquo;Observatoire de la Justice Juv\u00e9nile, Bruxelles; la Croix Rouge espagnole, Madrid; et M\u00e9decins Sans Fronti\u00e8res, Paris.. Il est responsable \u00e9ditorial de la revue \u00e9lectronique Jeunes et Mineurs en Mobilit\u00e9&nbsp;<a href=\"https:\/\/o-m-m.org\/index.php\/category\/jmm\/\">https:\/\/o-m-m.org\/index.php\/category\/jmm\/<\/a>&nbsp;&nbsp;; co-coordinateur de la collection de r\u00e9cits de jeunes migrants &lsquo;Ces r\u00e9cits qui viennent&rsquo;&nbsp;<a href=\"https:\/\/o-m-m.org\/index.php\/category\/collection-ces-recits-qui-viennent\/\">https:\/\/o-m-m.org\/index.php\/category\/collection-ces-recits-qui-viennent\/<\/a>; et responsable des contenus de la cha\u00eene Youtube Migration-Positive&nbsp;<a href=\"https:\/\/www.youtube.com\/channel\/UCiJkgTSQ_duJve-pwOIbV_Q\/videos\">https:\/\/www.youtube.com\/channel\/UCiJkgTSQ_duJve-pwOIbV_Q\/videos<\/a><\/p>\n<\/div>\n<\/div>\n<\/div>\n","protected":false},"excerpt":{"rendered":"<p>Pr\u00e9sentation de l&rsquo;OMM ENGLISH VERSION La migration vers l&rsquo;espace europ\u00e9en de mineurs \u00e9trangers constitue un sujet porteur qui attire l&rsquo;attention non seulement des universitaires mais aussi d&rsquo;un grand nombre d&rsquo;acteurs institutionnels et de professionnels de terrain ainsi que du grand public. Le laboratoire MIGRINTER- UMR 7301- devient aujourd\u2019hui une r\u00e9f\u00e9rence &hellip;<\/p>\n","protected":false},"author":1,"featured_media":302,"parent":0,"menu_order":0,"comment_status":"closed","ping_status":"closed","template":"","meta":{"footnotes":""},"class_list":["post-651","page","type-page","status-publish","has-post-thumbnail","hentry"],"_links":{"self":[{"href":"https:\/\/o-m-m.org\/index.php\/wp-json\/wp\/v2\/pages\/651","targetHints":{"allow":["GET"]}}],"collection":[{"href":"https:\/\/o-m-m.org\/index.php\/wp-json\/wp\/v2\/pages"}],"about":[{"href":"https:\/\/o-m-m.org\/index.php\/wp-json\/wp\/v2\/types\/page"}],"author":[{"embeddable":true,"href":"https:\/\/o-m-m.org\/index.php\/wp-json\/wp\/v2\/users\/1"}],"replies":[{"embeddable":true,"href":"https:\/\/o-m-m.org\/index.php\/wp-json\/wp\/v2\/comments?post=651"}],"version-history":[{"count":28,"href":"https:\/\/o-m-m.org\/index.php\/wp-json\/wp\/v2\/pages\/651\/revisions"}],"predecessor-version":[{"id":2709,"href":"https:\/\/o-m-m.org\/index.php\/wp-json\/wp\/v2\/pages\/651\/revisions\/2709"}],"wp:featuredmedia":[{"embeddable":true,"href":"https:\/\/o-m-m.org\/index.php\/wp-json\/wp\/v2\/media\/302"}],"wp:attachment":[{"href":"https:\/\/o-m-m.org\/index.php\/wp-json\/wp\/v2\/media?parent=651"}],"curies":[{"name":"wp","href":"https:\/\/api.w.org\/{rel}","templated":true}]}}